{"id":103,"date":"2021-10-11T02:31:23","date_gmt":"2021-10-11T00:31:23","guid":{"rendered":"http:\/\/not-only-retro.com\/?page_id=103"},"modified":"2021-10-11T02:31:23","modified_gmt":"2021-10-11T00:31:23","slug":"not-only-retro-com","status":"publish","type":"page","link":"https:\/\/not-only-retro.com\/","title":{"rendered":"not-only-retro.com"},"content":{"rendered":"\n\n\n\n\n<p>Soyez les bienvenues sur ce blog d\u00e9di\u00e9 \u00e0 tout ce qui commence par \u00ab\u00a0retro\u00a0\u00bb, mais pas que&#8230;<\/p>\n\n\n\n<p>Ici vous trouverez donc ;<\/p>\n\n\n\n<ul class=\"wp-block-list\"><li>Retro Computing<\/li><li>Retro Gaming<\/li><li>Emulation<\/li><li>News<\/li><\/ul>\n\n\n\n<p>Bonne navigation !<\/p>\n","protected":false},"excerpt":{"rendered":"<p>Soyez les bienvenues sur ce blog d\u00e9di\u00e9 \u00e0 tout ce qui commence par \u00ab\u00a0retro\u00a0\u00bb, mais pas que&#8230; Ici vous trouverez donc ; Retro Computing Retro Gaming Emulation News Bonne navigation !<\/p>\n","protected":false},"author":2,"featured_media":0,"parent":0,"menu_order":0,"comment_status":"closed","ping_status":"closed","template":"","meta":{"footnotes":""},"class_list":["post-103","page","type-page","status-publish","hentry"],"_links":{"self":[{"href":"https:\/\/not-only-retro.com\/index.php\/wp-json\/wp\/v2\/pages\/103","targetHints":{"allow":["GET"]}}],"collection":[{"href":"https:\/\/not-only-retro.com\/index.php\/wp-json\/wp\/v2\/pages"}],"about":[{"href":"https:\/\/not-only-retro.com\/index.php\/wp-json\/wp\/v2\/types\/page"}],"author":[{"embeddable":true,"href":"https:\/\/not-only-retro.com\/index.php\/wp-json\/wp\/v2\/users\/2"}],"replies":[{"embeddable":true,"href":"https:\/\/not-only-retro.com\/index.php\/wp-json\/wp\/v2\/comments?post=103"}],"version-history":[{"count":5,"href":"https:\/\/not-only-retro.com\/index.php\/wp-json\/wp\/v2\/pages\/103\/revisions"}],"predecessor-version":[{"id":109,"href":"https:\/\/not-only-retro.com\/index.php\/wp-json\/wp\/v2\/pages\/103\/revisions\/109"}],"wp:attachment":[{"href":"https:\/\/not-only-retro.com\/index.php\/wp-json\/wp\/v2\/media?parent=103"}],"curies":[{"name":"wp","href":"https:\/\/api.w.org\/{rel}","templated":true}]}}